{"id":7417,"date":"2026-03-12T01:26:55","date_gmt":"2026-03-12T00:26:55","guid":{"rendered":"https:\/\/nooh-france.com\/?post_type=product&#038;p=7417"},"modified":"2026-03-12T01:26:55","modified_gmt":"2026-03-12T00:26:55","slug":"gants-de-moto-gants-a-ecran-tactile-plein-doigt-pour-la-course-de-moto-escalade-chasse-motocross-et-autres-sports-de-plein-air","status":"publish","type":"product","link":"https:\/\/nooh-france.com\/index.php\/produit\/gants-de-moto-gants-a-ecran-tactile-plein-doigt-pour-la-course-de-moto-escalade-chasse-motocross-et-autres-sports-de-plein-air\/","title":{"rendered":"Gants de Moto, Gants \u00e0 \u00c9cran Tactile Plein Doigt pour la Course de Moto, Escalade, Chasse, Motocross et Autres Sports de Plein Air"},"content":{"rendered":"<div>\n<table class=\"sc-hcupDf dfPVDb\">\n<tbody class=\"sc-hLVXRe cdfRPm\">\n<tr class=\"sc-cQMzAB eJBxEJ\">\n<th class=\"sc-knKHOI sc-1ee46ll-8 knBqvH dLpcoZ\" scope=\"row\">Marque<\/th>\n<td class=\"sc-knKHOI sc-1ee46ll-9 doiGiP cqNDtE\">BIGILANTUH<\/td>\n<\/tr>\n<tr class=\"sc-cQMzAB eJBxEJ\">\n<th class=\"sc-knKHOI sc-1ee46ll-8 knBqvH dLpcoZ\" scope=\"row\">Nom du produit<\/th>\n<td class=\"sc-knKHOI sc-1ee46ll-9 doiGiP cqNDtE\">Gants de Moto, Gants \u00e0 \u00c9cran Tactile Plein Doigt pour la Course de Moto, Escalade, Chasse, Motocross et Autres Sports de Plein Air<\/td>\n<\/tr>\n<tr class=\"sc-cQMzAB eJBxEJ\">\n<th class=\"sc-knKHOI sc-1ee46ll-8 knBqvH dLpcoZ\" scope=\"row\">Cat\u00e9gorie<\/th>\n<td class=\"sc-knKHOI sc-1ee46ll-9 doiGiP cqNDtE\">GANTS &#8211; SOUS-GANTS<\/td>\n<\/tr>\n<\/tbody>\n<\/table>\n<\/div>\n<div class=\"sc-1ee46ll-0 bVnoEd\">\n<div>\n<div class=\"sc-1ee46ll-7 iBcNSo\">G\u00e9n\u00e9ral<\/div>\n<table class=\"sc-hcupDf dfPVDb\">\n<tbody class=\"sc-hLVXRe cdfRPm\">\n<tr class=\"sc-cQMzAB eJBxEJ\">\n<th class=\"sc-knKHOI sc-1ee46ll-8 knBqvH dLpcoZ\" scope=\"row\">Type de Produit<\/th>\n<td class=\"sc-knKHOI sc-1ee46ll-9 doiGiP cqNDtE\">Gants de Moto,Gants Moto ,Gants Homme Femme Gants \u00e0 \u00c9cran Tactile Plein Doigt Gants de VTT,Gants de Escalade, Gants de Motocross,Gants de Velo Cyclisme<\/td>\n<\/tr>\n<tr class=\"sc-cQMzAB eJBxEJ\">\n<th class=\"sc-knKHOI sc-1ee46ll-8 knBqvH dLpcoZ\" scope=\"row\">Mod\u00e8les<\/th>\n<td class=\"sc-knKHOI sc-1ee46ll-9 doiGiP cqNDtE\">Gants de Moto Gants Moto Gants Homme Femme<\/td>\n<\/tr>\n<tr class=\"sc-cQMzAB eJBxEJ\">\n<th class=\"sc-knKHOI sc-1ee46ll-8 knBqvH dLpcoZ\" scope=\"row\">Description du produit<\/th>\n<td class=\"sc-knKHOI sc-1ee46ll-9 doiGiP cqNDtE\">peut \u00eatre utilis\u00e9 comme gants de moto, gants de paintball, gants de moto tout-terrain ATV, gants de chasse, gants tactiques, utilis\u00e9s pour l&rsquo;\u00e9quitation, la lutte libre, la randonn\u00e9e, l&rsquo;alpinisme, la randonn\u00e9e, les sports de plein air, etc.<\/td>\n<\/tr>\n<\/tbody>\n<\/table>\n<\/div>\n<div>\n<div class=\"sc-1ee46ll-7 iBcNSo\">Utilisation<\/div>\n<table class=\"sc-hcupDf dfPVDb\">\n<tbody class=\"sc-hLVXRe cdfRPm\">\n<tr class=\"sc-cQMzAB eJBxEJ\">\n<th class=\"sc-knKHOI sc-1ee46ll-8 knBqvH dLpcoZ\" scope=\"row\">Utilisation<\/th>\n<td class=\"sc-knKHOI sc-1ee46ll-9 doiGiP cqNDtE\">Cross &#8211; Enduro<\/td>\n<\/tr>\n<tr class=\"sc-cQMzAB eJBxEJ\">\n<th class=\"sc-knKHOI sc-1ee46ll-8 knBqvH dLpcoZ\" scope=\"row\">Saison<\/th>\n<td class=\"sc-knKHOI sc-1ee46ll-9 doiGiP cqNDtE\">Quatre saisons<\/td>\n<\/tr>\n<tr class=\"sc-cQMzAB eJBxEJ\">\n<th class=\"sc-knKHOI sc-1ee46ll-8 knBqvH dLpcoZ\" scope=\"row\">Type de motard<\/th>\n<td class=\"sc-knKHOI sc-1ee46ll-9 doiGiP cqNDtE\">Off-road<\/td>\n<\/tr>\n<tr class=\"sc-cQMzAB eJBxEJ\">\n<th class=\"sc-knKHOI sc-1ee46ll-8 knBqvH dLpcoZ\" scope=\"row\">Type de public<\/th>\n<td class=\"sc-knKHOI sc-1ee46ll-9 doiGiP cqNDtE\">Adulte<\/td>\n<\/tr>\n<tr class=\"sc-cQMzAB eJBxEJ\">\n<th class=\"sc-knKHOI sc-1ee46ll-8 knBqvH dLpcoZ\" scope=\"row\">Genre<\/th>\n<td class=\"sc-knKHOI sc-1ee46ll-9 doiGiP cqNDtE\">Homme<\/td>\n<\/tr>\n<\/tbody>\n<\/table>\n<\/div>\n<div>\n<div class=\"sc-1ee46ll-7 iBcNSo\">Mati\u00e8re et couleurs<\/div>\n<table class=\"sc-hcupDf dfPVDb\">\n<tbody class=\"sc-hLVXRe cdfRPm\">\n<tr class=\"sc-cQMzAB eJBxEJ\">\n<th class=\"sc-knKHOI sc-1ee46ll-8 knBqvH dLpcoZ\" scope=\"row\">Mati\u00e8res<\/th>\n<td class=\"sc-knKHOI sc-1ee46ll-9 doiGiP cqNDtE\">nylon<\/td>\n<\/tr>\n<tr class=\"sc-cQMzAB eJBxEJ\">\n<th class=\"sc-knKHOI sc-1ee46ll-8 knBqvH dLpcoZ\" scope=\"row\">Couleur(s)<\/th>\n<td class=\"sc-knKHOI sc-1ee46ll-9 doiGiP cqNDtE\">noir<\/td>\n<\/tr>\n<\/tbody>\n<\/table>\n<\/div>\n<div>\n<div class=\"sc-1ee46ll-7 iBcNSo\">Caract\u00e9ristiques g\u00e9n\u00e9rales<\/div>\n<table class=\"sc-hcupDf dfPVDb\">\n<tbody class=\"sc-hLVXRe cdfRPm\">\n<tr class=\"sc-cQMzAB eJBxEJ\">\n<th class=\"sc-knKHOI sc-1ee46ll-8 knBqvH dLpcoZ\" scope=\"row\">A\u00e9ration \/ Ventilation<\/th>\n<td class=\"sc-knKHOI sc-1ee46ll-9 doiGiP cqNDtE\">Oui Confortable et Respirant Fabriqu\u00e9 avec des mat\u00e9riaux qui laissent respirer vos mains, avec des trous d&rsquo;a\u00e9rations pour un meilleur d\u00e9bit d&rsquo;air, adapt\u00e9 \u00e0 l&rsquo;utilisation pour toutes les saisons.<\/td>\n<\/tr>\n<tr class=\"sc-cQMzAB eJBxEJ\">\n<th class=\"sc-knKHOI sc-1ee46ll-8 knBqvH dLpcoZ\" scope=\"row\">Zones renforc\u00e9es<\/th>\n<td class=\"sc-knKHOI sc-1ee46ll-9 doiGiP cqNDtE\">Protection Compl\u00e8te Avec protection des articulations et coussinet pour les paumes<\/td>\n<\/tr>\n<tr class=\"sc-cQMzAB eJBxEJ\">\n<th class=\"sc-knKHOI sc-1ee46ll-8 knBqvH dLpcoZ\" scope=\"row\">Guide des tailles<\/th>\n<td class=\"sc-knKHOI sc-1ee46ll-9 doiGiP cqNDtE\">Oui M,L,XL,XXL Veuillez trouver le TABLEAU DES TAILLES en bas de la page<\/td>\n<\/tr>\n<\/tbody>\n<\/table>\n<\/div>\n<div>\n<div class=\"sc-1ee46ll-7 iBcNSo\">Vos garanties incluses<\/div>\n<table class=\"sc-hcupDf dfPVDb\">\n<tbody class=\"sc-hLVXRe cdfRPm\">\n<tr class=\"sc-cQMzAB eJBxEJ\">\n<th class=\"sc-knKHOI sc-1ee46ll-8 knBqvH dLpcoZ\" scope=\"row\">Garantie (\u00b2)<\/th>\n<td class=\"sc-knKHOI sc-1ee46ll-9 doiGiP cqNDtE\">2 ans<\/td>\n<\/tr>\n<tr class=\"sc-cQMzAB eJBxEJ\">\n<th class=\"sc-knKHOI sc-1ee46ll-8 knBqvH dLpcoZ\" scope=\"row\">Observations<\/th>\n<td class=\"sc-knKHOI sc-1ee46ll-9 doiGiP cqNDtE\">Dans le cas o\u00f9 une garantie commerciale est propos\u00e9e par le vendeur, celle-ci ne fait pas obstacle \u00e0<\/td>\n<\/tr>\n<\/tbody>\n<\/table>\n<\/div>\n<\/div>\n","protected":false},"excerpt":{"rendered":"<p><strong>Points forts :<\/strong><\/p>\n<ul class=\"sc-1d8nnzi-1 plsQR\">\n<li class=\"sc-1d8nnzi-2 bleawd\"><span class=\"sc-eCImPb kRKwia\">Mati\u00e8res : nylon<\/span><\/li>\n<li class=\"sc-1d8nnzi-2 bleawd\"><span class=\"sc-eCImPb kRKwia\">A\u00e9ration \/ Ventilation : Oui Confortable et Respirant Fabriqu\u00e9 avec des mat\u00e9riaux qui laissent respirer vos mains, avec des trous d&rsquo;a\u00e9rations pour un meilleur d\u00e9bit d&rsquo;air, adapt\u00e9 \u00e0 l&rsquo;utilisation pour toutes les saisons.<\/span><\/li>\n<li class=\"sc-1d8nnzi-2 bleawd\"><span class=\"sc-eCImPb kRKwia\">Utilisation : Cross &#8211; Enduro<\/span><\/li>\n<li class=\"sc-1d8nnzi-2 bleawd\"><span class=\"sc-eCImPb kRKwia\">Saison : Quatre saisons<\/span><\/li>\n<\/ul>\n","protected":false},"featured_media":7423,"comment_status":"open","ping_status":"closed","template":"","meta":[],"product_brand":[],"product_cat":[89],"product_tag":[],"class_list":{"0":"post-7417","1":"product","2":"type-product","3":"status-publish","4":"has-post-thumbnail","6":"product_cat-gants","8":"first","9":"instock","10":"shipping-taxable","11":"purchasable","12":"product-type-simple"},"_links":{"self":[{"href":"https:\/\/nooh-france.com\/index.php\/wp-json\/wp\/v2\/product\/7417","targetHints":{"allow":["GET"]}}],"collection":[{"href":"https:\/\/nooh-france.com\/index.php\/wp-json\/wp\/v2\/product"}],"about":[{"href":"https:\/\/nooh-france.com\/index.php\/wp-json\/wp\/v2\/types\/product"}],"replies":[{"embeddable":true,"href":"https:\/\/nooh-france.com\/index.php\/wp-json\/wp\/v2\/comments?post=7417"}],"wp:featuredmedia":[{"embeddable":true,"href":"https:\/\/nooh-france.com\/index.php\/wp-json\/wp\/v2\/media\/7423"}],"wp:attachment":[{"href":"https:\/\/nooh-france.com\/index.php\/wp-json\/wp\/v2\/media?parent=7417"}],"wp:term":[{"taxonomy":"product_brand","embeddable":true,"href":"https:\/\/nooh-france.com\/index.php\/wp-json\/wp\/v2\/product_brand?post=7417"},{"taxonomy":"product_cat","embeddable":true,"href":"https:\/\/nooh-france.com\/index.php\/wp-json\/wp\/v2\/product_cat?post=7417"},{"taxonomy":"product_tag","embeddable":true,"href":"https:\/\/nooh-france.com\/index.php\/wp-json\/wp\/v2\/product_tag?post=7417"}],"curies":[{"name":"wp","href":"https:\/\/api.w.org\/{rel}","templated":true}]}}