{"id":6794,"date":"2026-03-11T13:57:22","date_gmt":"2026-03-11T12:57:22","guid":{"rendered":"https:\/\/nooh-france.com\/?post_type=product&#038;p=6794"},"modified":"2026-03-11T13:57:22","modified_gmt":"2026-03-11T12:57:22","slug":"kukirin-g2-trottinette-electrique-pliable-pneus-10-moteur-800-w-batterie-48v-15-6ah-autonomie-55-km-ecran-tactile","status":"publish","type":"product","link":"https:\/\/nooh-france.com\/index.php\/produit\/kukirin-g2-trottinette-electrique-pliable-pneus-10-moteur-800-w-batterie-48v-15-6ah-autonomie-55-km-ecran-tactile\/","title":{"rendered":"Kukirin G2 &#8211; Trottinette \u00c9lectrique Pliable &#8211; Pneus 10&Prime; &#8211; Moteur 800 W &#8211; Batterie 48V 15.6Ah &#8211; Autonomie 55 km &#8211; \u00c9cran Tactile"},"content":{"rendered":"<div>\n<table class=\"sc-hcupDf dfPVDb\">\n<tbody class=\"sc-hLVXRe cdfRPm\">\n<tr class=\"sc-cQMzAB eJBxEJ\">\n<th class=\"sc-knKHOI sc-1ee46ll-8 knBqvH dLpcoZ\" scope=\"row\">Marque<\/th>\n<td class=\"sc-knKHOI sc-1ee46ll-9 doiGiP cqNDtE\">KUKIRIN<\/td>\n<\/tr>\n<tr class=\"sc-cQMzAB eJBxEJ\">\n<th class=\"sc-knKHOI sc-1ee46ll-8 knBqvH dLpcoZ\" scope=\"row\">Nom du produit<\/th>\n<td class=\"sc-knKHOI sc-1ee46ll-9 doiGiP cqNDtE\">Kukirin G2 &#8211; Trottinette \u00c9lectrique Pliable &#8211; Pneus 10&Prime; &#8211; Moteur 800 W &#8211; Batterie 48V 15.6Ah &#8211; Autonomie 55 km &#8211; \u00c9cran Tactile<\/td>\n<\/tr>\n<tr class=\"sc-cQMzAB eJBxEJ\">\n<th class=\"sc-knKHOI sc-1ee46ll-8 knBqvH dLpcoZ\" scope=\"row\">Cat\u00e9gorie<\/th>\n<td class=\"sc-knKHOI sc-1ee46ll-9 doiGiP cqNDtE\">TROTTINETTE ELECTRIQUE<\/td>\n<\/tr>\n<\/tbody>\n<\/table>\n<\/div>\n<div class=\"sc-1ee46ll-0 bVnoEd\">\n<div>\n<div class=\"sc-1ee46ll-7 iBcNSo\">G\u00e9n\u00e9ral<\/div>\n<table class=\"sc-hcupDf dfPVDb\">\n<tbody class=\"sc-hLVXRe cdfRPm\">\n<tr class=\"sc-cQMzAB eJBxEJ\">\n<th class=\"sc-knKHOI sc-1ee46ll-8 knBqvH dLpcoZ\" scope=\"row\">Type de Produit<\/th>\n<td class=\"sc-knKHOI sc-1ee46ll-9 doiGiP cqNDtE\">Trottinette \u00e9lectrique<\/td>\n<\/tr>\n<tr class=\"sc-cQMzAB eJBxEJ\">\n<th class=\"sc-knKHOI sc-1ee46ll-8 knBqvH dLpcoZ\" scope=\"row\">Type de public<\/th>\n<td class=\"sc-knKHOI sc-1ee46ll-9 doiGiP cqNDtE\">Adulte B\u00e9b\u00e9<\/td>\n<\/tr>\n<tr class=\"sc-cQMzAB eJBxEJ\">\n<th class=\"sc-knKHOI sc-1ee46ll-8 knBqvH dLpcoZ\" scope=\"row\">Mod\u00e8les<\/th>\n<td class=\"sc-knKHOI sc-1ee46ll-9 doiGiP cqNDtE\">G2<\/td>\n<\/tr>\n<tr class=\"sc-cQMzAB eJBxEJ\">\n<th class=\"sc-knKHOI sc-1ee46ll-8 knBqvH dLpcoZ\" scope=\"row\">Avertissements de s\u00e9curit\u00e9<\/th>\n<td class=\"sc-knKHOI sc-1ee46ll-9 doiGiP cqNDtE\">Veuillez suivre strictement le manuel d&rsquo;instructions pour le chargement et le stockage. Lors de l&rsquo;utilisation du produit, veuillez porter un \u00e9quipement de protection et respecter scrupuleusement la l\u00e9gislation et les r\u00e9glementations en vigueur.<\/td>\n<\/tr>\n<tr class=\"sc-cQMzAB eJBxEJ\">\n<th class=\"sc-knKHOI sc-1ee46ll-8 knBqvH dLpcoZ\" scope=\"row\">Op\u00e9rateur \u00e9conomique responsable de la s\u00e9curit\u00e9 du produit vendu sur la marketplace<\/th>\n<td class=\"sc-knKHOI sc-1ee46ll-9 doiGiP cqNDtE\">Voir rubrique Infos vendeur \/ CGV &amp; Politique de retour.<\/td>\n<\/tr>\n<tr class=\"sc-cQMzAB eJBxEJ\">\n<th class=\"sc-knKHOI sc-1ee46ll-8 knBqvH dLpcoZ\" scope=\"row\">Fabricant &#8211; Nom et raison sociale<\/th>\n<td class=\"sc-knKHOI sc-1ee46ll-9 doiGiP cqNDtE\">Shenzhen Kukirin Technology Co., Ltd.<\/td>\n<\/tr>\n<tr class=\"sc-cQMzAB eJBxEJ\">\n<th class=\"sc-knKHOI sc-1ee46ll-8 knBqvH dLpcoZ\" scope=\"row\">Fabricant &#8211; Adresse postale<\/th>\n<td class=\"sc-knKHOI sc-1ee46ll-9 doiGiP cqNDtE\">518000<\/td>\n<\/tr>\n<tr class=\"sc-cQMzAB eJBxEJ\">\n<th class=\"sc-knKHOI sc-1ee46ll-8 knBqvH dLpcoZ\" scope=\"row\">Fabricant &#8211; Adresse \u00e9lectronique<\/th>\n<td class=\"sc-knKHOI sc-1ee46ll-9 doiGiP cqNDtE\">business@kukirin.net<\/td>\n<\/tr>\n<\/tbody>\n<\/table>\n<\/div>\n<div>\n<div class=\"sc-1ee46ll-7 iBcNSo\">Moteur<\/div>\n<table class=\"sc-hcupDf dfPVDb\">\n<tbody class=\"sc-hLVXRe cdfRPm\">\n<tr class=\"sc-cQMzAB eJBxEJ\">\n<th class=\"sc-knKHOI sc-1ee46ll-8 knBqvH dLpcoZ\" scope=\"row\">Moteur<\/th>\n<td class=\"sc-knKHOI sc-1ee46ll-9 doiGiP cqNDtE\">Puissance nominale du moteur : 800 W (max. 1\u00a0200 W)<\/td>\n<\/tr>\n<tr class=\"sc-cQMzAB eJBxEJ\">\n<th class=\"sc-knKHOI sc-1ee46ll-8 knBqvH dLpcoZ\" scope=\"row\">Puissance moteur \u00e9lectrique<\/th>\n<td class=\"sc-knKHOI sc-1ee46ll-9 doiGiP cqNDtE\">800 W<\/td>\n<\/tr>\n<tr class=\"sc-cQMzAB eJBxEJ\">\n<th class=\"sc-knKHOI sc-1ee46ll-8 knBqvH dLpcoZ\" scope=\"row\">Amp\u00e9rage de la batterie<\/th>\n<td class=\"sc-knKHOI sc-1ee46ll-9 doiGiP cqNDtE\">15,6 Ah<\/td>\n<\/tr>\n<tr class=\"sc-cQMzAB eJBxEJ\">\n<th class=\"sc-knKHOI sc-1ee46ll-8 knBqvH dLpcoZ\" scope=\"row\">Type de batterie<\/th>\n<td class=\"sc-knKHOI sc-1ee46ll-9 doiGiP cqNDtE\">Batterie au lithium<\/td>\n<\/tr>\n<\/tbody>\n<\/table>\n<\/div>\n<div>\n<div class=\"sc-1ee46ll-7 iBcNSo\">Caract\u00e9ristiques<\/div>\n<table class=\"sc-hcupDf dfPVDb\">\n<tbody class=\"sc-hLVXRe cdfRPm\">\n<tr class=\"sc-cQMzAB eJBxEJ\">\n<th class=\"sc-knKHOI sc-1ee46ll-8 knBqvH dLpcoZ\" scope=\"row\">Vitesse maximum<\/th>\n<td class=\"sc-knKHOI sc-1ee46ll-9 doiGiP cqNDtE\">45 km\/h<\/td>\n<\/tr>\n<tr class=\"sc-cQMzAB eJBxEJ\">\n<th class=\"sc-knKHOI sc-1ee46ll-8 knBqvH dLpcoZ\" scope=\"row\">Freinage avant \/ arri\u00e8re<\/th>\n<td class=\"sc-knKHOI sc-1ee46ll-9 doiGiP cqNDtE\">Frein \u00e0 disque avant et arri\u00e8re et frein \u00e9lectrique<\/td>\n<\/tr>\n<tr class=\"sc-cQMzAB eJBxEJ\">\n<th class=\"sc-knKHOI sc-1ee46ll-8 knBqvH dLpcoZ\" scope=\"row\">Dimensions des pneus<\/th>\n<td class=\"sc-knKHOI sc-1ee46ll-9 doiGiP cqNDtE\">Pneu \u00e0 vide de 10 pouces<\/td>\n<\/tr>\n<tr class=\"sc-cQMzAB eJBxEJ\">\n<th class=\"sc-knKHOI sc-1ee46ll-8 knBqvH dLpcoZ\" scope=\"row\">Poids maximum<\/th>\n<td class=\"sc-knKHOI sc-1ee46ll-9 doiGiP cqNDtE\">29.89<\/td>\n<\/tr>\n<tr class=\"sc-cQMzAB eJBxEJ\">\n<th class=\"sc-knKHOI sc-1ee46ll-8 knBqvH dLpcoZ\" scope=\"row\">Dimensions hors tout<\/th>\n<td class=\"sc-knKHOI sc-1ee46ll-9 doiGiP cqNDtE\">Taille du produit (L x l x H) : 125,8 x 66 x 126 cm<\/td>\n<\/tr>\n<tr class=\"sc-cQMzAB eJBxEJ\">\n<th class=\"sc-knKHOI sc-1ee46ll-8 knBqvH dLpcoZ\" scope=\"row\">Pliable<\/th>\n<td class=\"sc-knKHOI sc-1ee46ll-9 doiGiP cqNDtE\">Oui<\/td>\n<\/tr>\n<\/tbody>\n<\/table>\n<\/div>\n<div>\n<div class=\"sc-1ee46ll-7 iBcNSo\">Divers<\/div>\n<table class=\"sc-hcupDf dfPVDb\">\n<tbody class=\"sc-hLVXRe cdfRPm\">\n<tr class=\"sc-cQMzAB eJBxEJ\">\n<th class=\"sc-knKHOI sc-1ee46ll-8 knBqvH dLpcoZ\" scope=\"row\">El\u00e9ments livr\u00e9s<\/th>\n<td class=\"sc-knKHOI sc-1ee46ll-9 doiGiP cqNDtE\">1 x trottinette \u00e9lectrique 1 x chargeur 1 x trousse \u00e0 outils 1 x garde-boue arri\u00e8re 2 x boulons de fixation du garde-boue arri\u00e8re 1 x manuel d&rsquo;utilisation<\/td>\n<\/tr>\n<tr class=\"sc-cQMzAB eJBxEJ\">\n<th class=\"sc-knKHOI sc-1ee46ll-8 knBqvH dLpcoZ\" scope=\"row\">Pays d&rsquo;origine<\/th>\n<td class=\"sc-knKHOI sc-1ee46ll-9 doiGiP cqNDtE\">Chine<\/td>\n<\/tr>\n<\/tbody>\n<\/table>\n<\/div>\n<div>\n<div class=\"sc-1ee46ll-7 iBcNSo\">Vos garanties incluses<\/div>\n<table class=\"sc-hcupDf dfPVDb\">\n<tbody class=\"sc-hLVXRe cdfRPm\">\n<tr class=\"sc-cQMzAB eJBxEJ\">\n<th class=\"sc-knKHOI sc-1ee46ll-8 knBqvH dLpcoZ\" scope=\"row\">Garantie (\u00b2)<\/th>\n<td class=\"sc-knKHOI sc-1ee46ll-9 doiGiP cqNDtE\">2 ans<\/td>\n<\/tr>\n<tr class=\"sc-cQMzAB eJBxEJ\">\n<th class=\"sc-knKHOI sc-1ee46ll-8 knBqvH dLpcoZ\" scope=\"row\">Observations<\/th>\n<td class=\"sc-knKHOI sc-1ee46ll-9 doiGiP cqNDtE\">Dans le cas o\u00f9 une garantie commerciale est propos\u00e9e par le vendeur, celle-ci ne fait pas obstacle \u00e0 l\u2019application de la garantie l\u00e9gale de conformit\u00e9 et\/ou \u00e0 la garantie des vices cach\u00e9s. Voir conditions de cette garantie commerciale dans les CGV du vendeur et\/ou dans les CGU Marketplace<\/td>\n<\/tr>\n<\/tbody>\n<\/table>\n<\/div>\n<div>\n<div class=\"sc-1ee46ll-7 iBcNSo\">Labels et certifications<\/div>\n<table class=\"sc-hcupDf dfPVDb\">\n<tbody class=\"sc-hLVXRe cdfRPm\">\n<tr class=\"sc-cQMzAB eJBxEJ\">\n<th class=\"sc-knKHOI sc-1ee46ll-8 knBqvH dLpcoZ\" scope=\"row\">Engins hors-piste<\/th>\n<td class=\"sc-knKHOI sc-1ee46ll-9 doiGiP cqNDtE\">Ce produit est con\u00e7u pour un usage uniquement sur des propri\u00e9t\u00e9s priv\u00e9es. Son utilisation sur des espaces publics (route, trottoir, parc, \u2026) est interdite.<\/td>\n<\/tr>\n<\/tbody>\n<\/table>\n<\/div>\n<\/div>\n","protected":false},"excerpt":{"rendered":"<p><strong>Points forts :<\/strong><\/p>\n<ul class=\"sc-1d8nnzi-1 plsQR\">\n<li class=\"sc-1d8nnzi-2 bleawd\"><span class=\"sc-eCImPb kRKwia\">Puissance moteur \u00e9lectrique : 800 W<\/span><\/li>\n<li class=\"sc-1d8nnzi-2 bleawd\"><span class=\"sc-eCImPb kRKwia\">Amp\u00e9rage de la batterie : 15,6 Ah<\/span><\/li>\n<li class=\"sc-1d8nnzi-2 bleawd\"><span class=\"sc-eCImPb kRKwia\">Type de batterie : Batterie au lithium<\/span><\/li>\n<li class=\"sc-1d8nnzi-2 bleawd\"><span class=\"sc-eCImPb kRKwia\">Vitesse maximum : 45 km\/h<\/span><\/li>\n<\/ul>\n","protected":false},"featured_media":6800,"comment_status":"open","ping_status":"closed","template":"","meta":[],"product_brand":[],"product_cat":[85],"product_tag":[],"class_list":{"0":"post-6794","1":"product","2":"type-product","3":"status-publish","4":"has-post-thumbnail","6":"product_cat-trottinettes-electriques","8":"first","9":"instock","10":"sale","11":"shipping-taxable","12":"purchasable","13":"product-type-simple"},"_links":{"self":[{"href":"https:\/\/nooh-france.com\/index.php\/wp-json\/wp\/v2\/product\/6794","targetHints":{"allow":["GET"]}}],"collection":[{"href":"https:\/\/nooh-france.com\/index.php\/wp-json\/wp\/v2\/product"}],"about":[{"href":"https:\/\/nooh-france.com\/index.php\/wp-json\/wp\/v2\/types\/product"}],"replies":[{"embeddable":true,"href":"https:\/\/nooh-france.com\/index.php\/wp-json\/wp\/v2\/comments?post=6794"}],"wp:featuredmedia":[{"embeddable":true,"href":"https:\/\/nooh-france.com\/index.php\/wp-json\/wp\/v2\/media\/6800"}],"wp:attachment":[{"href":"https:\/\/nooh-france.com\/index.php\/wp-json\/wp\/v2\/media?parent=6794"}],"wp:term":[{"taxonomy":"product_brand","embeddable":true,"href":"https:\/\/nooh-france.com\/index.php\/wp-json\/wp\/v2\/product_brand?post=6794"},{"taxonomy":"product_cat","embeddable":true,"href":"https:\/\/nooh-france.com\/index.php\/wp-json\/wp\/v2\/product_cat?post=6794"},{"taxonomy":"product_tag","embeddable":true,"href":"https:\/\/nooh-france.com\/index.php\/wp-json\/wp\/v2\/product_tag?post=6794"}],"curies":[{"name":"wp","href":"https:\/\/api.w.org\/{rel}","templated":true}]}}